{"id":8,"date":"2022-08-26T22:19:34","date_gmt":"2022-08-26T20:19:34","guid":{"rendered":"http:\/\/www.bectlartisandelhabitat.be\/?page_id=8"},"modified":"2022-09-10T18:22:04","modified_gmt":"2022-09-10T16:22:04","slug":"a-propos-de","status":"publish","type":"page","link":"https:\/\/www.bectlartisandelhabitat.be\/","title":{"rendered":"Accueil"},"content":{"rendered":"\n<p style=\"font-size:14px\">Bienvenue sur le site de BECT l&rsquo;Artisan de l&rsquo;Habitat ! <\/p>\n\n\n\n<p style=\"font-size:14px\">Avec plus de 20 ans d\u2019exp\u00e9rience, notre entreprise est sp\u00e9cialis\u00e9e dans les <strong>travaux du b\u00e2timent<\/strong>: nouvelle construction, r\u00e9novation et am\u00e9nagements ext\u00e9rieurs. \u00c9tablis \u00e0 Herstal, nous sommes actifs dans toute la <strong>Province de Li\u00e8ge<\/strong>.<\/p>\n\n\n\n<p style=\"font-size:14px\">Vous d\u00e9couvrirez dans les <strong>diff\u00e9rentes sections<\/strong> nos <strong>services<\/strong> et des <strong>photos<\/strong> de nos r\u00e9alisations. BECT l\u2019Artisan de l\u2019Habitat est une entreprise familiale au service du client, qui privil\u00e9gie la qualit\u00e9 et le respect des normes de la construction tout en respectant votre <strong>budget<\/strong> et vos <strong>pr\u00e9f\u00e9rences<\/strong>.<\/p>\n\n\n\n<p style=\"font-size:14px\">Que vous ayez une id\u00e9e pr\u00e9cise ou non de vos souhaits, contactez-nous pour un <strong>devis gratuit<\/strong>. En cas d&rsquo;accord, artisans et ouvriers d\u2019exp\u00e9rience se mettront \u00e0 l\u2019\u0153uvre pour r\u00e9aliser des <strong>prestations esth\u00e9tiques<\/strong> et dans les <strong>r\u00e8gles de l\u2019art<\/strong> (isolation, \u00e9tanch\u00e9it\u00e9, etc).<\/p>\n\n\n\n<p style=\"font-size:14px\">Poss\u00e9dant le go\u00fbt du travail bien fait, le <strong>patron<\/strong> est toujours <strong>pr\u00e9sent sur chantier.<\/strong> Il coordonne son \u00e9quipe et les partenaires de confiance \u00e0 qui il fait appel pour les travaux de second \u0153uvre. Enfin, avec BECT l\u2019Artisan de l\u2019Habitat, vous pouvez b\u00e9n\u00e9ficier des <strong>primes<\/strong> de la R\u00e9gion Wallonne.<\/p>\n\n\n\n<p style=\"font-size:14px\">Nous sommes l\u00e0 pour vous r\u00e9pondre, vous conseiller et vous assister dans un choix ou un autre, donc n\u2019h\u00e9sitez pas: <strong>contactez-nous<\/strong> par <strong>email <\/strong>ou par <strong>t\u00e9l\u00e9phone<\/strong>.<\/p>\n","protected":false},"excerpt":{"rendered":"<p>Bienvenue sur le site de BECT l&rsquo;Artisan de l&rsquo;Habitat ! Avec plus de 20 ans d\u2019exp\u00e9rience, notre entreprise est sp\u00e9cialis\u00e9e dans les travaux du b\u00e2timent: nouvelle construction, r\u00e9novation et am\u00e9nagements ext\u00e9rieurs. \u00c9tablis \u00e0 Herstal, nous sommes actifs dans toute la Province de Li\u00e8ge. Vous d\u00e9couvrirez dans les diff\u00e9rentes sections nos services et des photos de [&hellip;]<\/p>\n","protected":false},"author":1,"featured_media":0,"parent":0,"menu_order":0,"comment_status":"closed","ping_status":"closed","template":"page-template\/left-sidebar.php","meta":{"ngg_post_thumbnail":0,"footnotes":""},"class_list":["post-8","page","type-page","status-publish","hentry"],"_links":{"self":[{"href":"https:\/\/www.bectlartisandelhabitat.be\/index.php\/wp-json\/wp\/v2\/pages\/8","targetHints":{"allow":["GET"]}}],"collection":[{"href":"https:\/\/www.bectlartisandelhabitat.be\/index.php\/wp-json\/wp\/v2\/pages"}],"about":[{"href":"https:\/\/www.bectlartisandelhabitat.be\/index.php\/wp-json\/wp\/v2\/types\/page"}],"author":[{"embeddable":true,"href":"https:\/\/www.bectlartisandelhabitat.be\/index.php\/wp-json\/wp\/v2\/users\/1"}],"replies":[{"embeddable":true,"href":"https:\/\/www.bectlartisandelhabitat.be\/index.php\/wp-json\/wp\/v2\/comments?post=8"}],"version-history":[{"count":43,"href":"https:\/\/www.bectlartisandelhabitat.be\/index.php\/wp-json\/wp\/v2\/pages\/8\/revisions"}],"predecessor-version":[{"id":1091,"href":"https:\/\/www.bectlartisandelhabitat.be\/index.php\/wp-json\/wp\/v2\/pages\/8\/revisions\/1091"}],"wp:attachment":[{"href":"https:\/\/www.bectlartisandelhabitat.be\/index.php\/wp-json\/wp\/v2\/media?parent=8"}],"curies":[{"name":"wp","href":"https:\/\/api.w.org\/{rel}","templated":true}]}}