{"id":290,"date":"2022-08-27T01:14:15","date_gmt":"2022-08-26T23:14:15","guid":{"rendered":"http:\/\/www.bectlartisandelhabitat.be\/?page_id=290"},"modified":"2022-09-07T16:45:36","modified_gmt":"2022-09-07T14:45:36","slug":"amenagement-exterieur","status":"publish","type":"page","link":"https:\/\/www.bectlartisandelhabitat.be\/index.php\/amenagement-exterieur\/","title":{"rendered":"Am\u00e9nagement ext\u00e9rieur"},"content":{"rendered":"\n<div class=\"wp-block-columns is-layout-flex wp-container-core-columns-is-layout-9d6595d7 wp-block-columns-is-layout-flex\">\n<div class=\"wp-block-column is-layout-flow wp-block-column-is-layout-flow\" style=\"flex-basis:60%\">\n<p><\/p>\n\n\n\n<p style=\"font-size:14px\">Notre entreprise r\u00e9alise tout type de travaux pour <strong>am\u00e9nager les espaces ext\u00e9rieur<\/strong>s\u00a0(jardin, terrasse, cour, etc). Nous respectons les <strong>pr\u00e9f\u00e9rences de mat\u00e9riaux<\/strong> et proposons les <strong>solutions les plus adapt\u00e9es<\/strong>.<\/p>\n\n\n\n<p style=\"font-size:14px\"><strong>Quelques exemples de nos services:<\/strong><\/p>\n\n\n\n<ul class=\"wp-block-list\" style=\"font-size:14px\"><li>Pavage en klinkers ou autre rev\u00eatement<\/li><li>Terrasse en bois ou en carrelage<\/li><li>Am\u00e9nagement d\u2019abords et d\u2019all\u00e9es<\/li><li>Pose de bordures et d&rsquo;escaliers <\/li><li>Annexe de jardin<\/li><li>R\u00e9alisation de pi\u00e8ces d&rsquo;eau et piscine <\/li><li>Pose de micro-station d\u2019\u00e9puration<\/li><li>Etc.<\/li><\/ul>\n\n\n\n<p><\/p>\n\n\n\n<p style=\"font-size:14px\">Voici quelques <strong>photos de nos r\u00e9alisations<\/strong>. N\u2019h\u00e9sitez pas \u00e0 nous contacter <strong>par e-mail ou t\u00e9l\u00e9phone <\/strong>pour une demande de <strong>devis gratuit <\/strong>pour <strong>votre projet d&rsquo;<strong>am\u00e9nagement ext\u00e9rieur<\/strong><\/strong>.<\/p>\n<\/div>\n\n\n\n<div class=\"wp-block-column is-layout-flow wp-block-column-is-layout-flow\" style=\"flex-basis:40%\">\nngg_shortcode_0_placeholder\n<\/div>\n<\/div>\n","protected":false},"excerpt":{"rendered":"<p>Notre entreprise r\u00e9alise tout type de travaux pour am\u00e9nager les espaces ext\u00e9rieurs\u00a0(jardin, terrasse, cour, etc). Nous respectons les pr\u00e9f\u00e9rences de mat\u00e9riaux et proposons les solutions les plus adapt\u00e9es. Quelques exemples de nos services: Pavage en klinkers ou autre rev\u00eatement Terrasse en bois ou en carrelage Am\u00e9nagement d\u2019abords et d\u2019all\u00e9es Pose de bordures et d&rsquo;escaliers Annexe [&hellip;]<\/p>\n","protected":false},"author":1,"featured_media":0,"parent":0,"menu_order":0,"comment_status":"closed","ping_status":"closed","template":"","meta":{"ngg_post_thumbnail":0,"footnotes":""},"class_list":["post-290","page","type-page","status-publish","hentry"],"_links":{"self":[{"href":"https:\/\/www.bectlartisandelhabitat.be\/index.php\/wp-json\/wp\/v2\/pages\/290","targetHints":{"allow":["GET"]}}],"collection":[{"href":"https:\/\/www.bectlartisandelhabitat.be\/index.php\/wp-json\/wp\/v2\/pages"}],"about":[{"href":"https:\/\/www.bectlartisandelhabitat.be\/index.php\/wp-json\/wp\/v2\/types\/page"}],"author":[{"embeddable":true,"href":"https:\/\/www.bectlartisandelhabitat.be\/index.php\/wp-json\/wp\/v2\/users\/1"}],"replies":[{"embeddable":true,"href":"https:\/\/www.bectlartisandelhabitat.be\/index.php\/wp-json\/wp\/v2\/comments?post=290"}],"version-history":[{"count":24,"href":"https:\/\/www.bectlartisandelhabitat.be\/index.php\/wp-json\/wp\/v2\/pages\/290\/revisions"}],"predecessor-version":[{"id":1073,"href":"https:\/\/www.bectlartisandelhabitat.be\/index.php\/wp-json\/wp\/v2\/pages\/290\/revisions\/1073"}],"wp:attachment":[{"href":"https:\/\/www.bectlartisandelhabitat.be\/index.php\/wp-json\/wp\/v2\/media?parent=290"}],"curies":[{"name":"wp","href":"https:\/\/api.w.org\/{rel}","templated":true}]}}