{"id":288,"date":"2022-08-27T01:13:53","date_gmt":"2022-08-26T23:13:53","guid":{"rendered":"http:\/\/www.bectlartisandelhabitat.be\/?page_id=288"},"modified":"2022-09-07T16:41:54","modified_gmt":"2022-09-07T14:41:54","slug":"renovation","status":"publish","type":"page","link":"https:\/\/www.bectlartisandelhabitat.be\/index.php\/renovation\/","title":{"rendered":"R\u00e9novation"},"content":{"rendered":"\n<div class=\"wp-block-columns is-layout-flex wp-container-core-columns-is-layout-9d6595d7 wp-block-columns-is-layout-flex\">\n<div class=\"wp-block-column is-layout-flow wp-block-column-is-layout-flow\" style=\"flex-basis:60%\">\n<p><\/p>\n\n\n\n<p style=\"font-size:14px\">Notre entreprise r\u00e9alise des <strong>r\u00e9novations<\/strong>, pour les <strong>particuliers<\/strong> et les <strong>professionnels<\/strong>. Nous avons une <strong>longue exp\u00e9rience<\/strong> dans le domaine, et travaillons toujours dans le <strong>respect des normes<\/strong> du m\u00e9tier.<\/p>\n\n\n\n<p style=\"font-size:14px\"><strong>Quelques exemples de nos services<\/strong>:<\/p>\n\n\n\n<ul class=\"wp-block-list\" style=\"font-size:14px\"><li>R\u00e9novation de fa\u00e7ades<\/li><li>Transformation d\u2019immeubles<\/li><li>Extension de constructions existantes<\/li><li>Rehaussement d\u2019immeubles<\/li><li>R\u00e9alisation de caves<\/li><li>Cloisonnage &amp; plafonnage<\/li><li>Pr\u00e9paration de support pour v\u00e9randas<\/li><li>Etc.<\/li><\/ul>\n\n\n\n<p><\/p>\n\n\n\n<p style=\"font-size:14px\">Voici quelques <strong>photos de nos r\u00e9alisations<\/strong>. N\u2019h\u00e9sitez pas \u00e0 nous contacter par e-mail ou t\u00e9l\u00e9phone pour une demande de <strong>devis gratuit <\/strong>pour <strong>votre projet de r\u00e9novation<\/strong>.<\/p>\n<\/div>\n\n\n\n<div class=\"wp-block-column is-vertically-aligned-top is-layout-flow wp-block-column-is-layout-flow\" style=\"flex-basis:40%\">\nngg_shortcode_0_placeholder\n<\/div>\n<\/div>\n","protected":false},"excerpt":{"rendered":"<p>Notre entreprise r\u00e9alise des r\u00e9novations, pour les particuliers et les professionnels. Nous avons une longue exp\u00e9rience dans le domaine, et travaillons toujours dans le respect des normes du m\u00e9tier. Quelques exemples de nos services: R\u00e9novation de fa\u00e7ades Transformation d\u2019immeubles Extension de constructions existantes Rehaussement d\u2019immeubles R\u00e9alisation de caves Cloisonnage &amp; plafonnage Pr\u00e9paration de support pour [&hellip;]<\/p>\n","protected":false},"author":1,"featured_media":0,"parent":0,"menu_order":0,"comment_status":"closed","ping_status":"closed","template":"","meta":{"ngg_post_thumbnail":0,"footnotes":""},"class_list":["post-288","page","type-page","status-publish","hentry"],"_links":{"self":[{"href":"https:\/\/www.bectlartisandelhabitat.be\/index.php\/wp-json\/wp\/v2\/pages\/288","targetHints":{"allow":["GET"]}}],"collection":[{"href":"https:\/\/www.bectlartisandelhabitat.be\/index.php\/wp-json\/wp\/v2\/pages"}],"about":[{"href":"https:\/\/www.bectlartisandelhabitat.be\/index.php\/wp-json\/wp\/v2\/types\/page"}],"author":[{"embeddable":true,"href":"https:\/\/www.bectlartisandelhabitat.be\/index.php\/wp-json\/wp\/v2\/users\/1"}],"replies":[{"embeddable":true,"href":"https:\/\/www.bectlartisandelhabitat.be\/index.php\/wp-json\/wp\/v2\/comments?post=288"}],"version-history":[{"count":26,"href":"https:\/\/www.bectlartisandelhabitat.be\/index.php\/wp-json\/wp\/v2\/pages\/288\/revisions"}],"predecessor-version":[{"id":1070,"href":"https:\/\/www.bectlartisandelhabitat.be\/index.php\/wp-json\/wp\/v2\/pages\/288\/revisions\/1070"}],"wp:attachment":[{"href":"https:\/\/www.bectlartisandelhabitat.be\/index.php\/wp-json\/wp\/v2\/media?parent=288"}],"curies":[{"name":"wp","href":"https:\/\/api.w.org\/{rel}","templated":true}]}}