{"id":286,"date":"2022-08-27T01:13:35","date_gmt":"2022-08-26T23:13:35","guid":{"rendered":"http:\/\/www.bectlartisandelhabitat.be\/?page_id=286"},"modified":"2022-09-07T16:39:07","modified_gmt":"2022-09-07T14:39:07","slug":"nouvelle-construction","status":"publish","type":"page","link":"https:\/\/www.bectlartisandelhabitat.be\/index.php\/nouvelle-construction\/","title":{"rendered":"Nouvelle Construction"},"content":{"rendered":"\n<div class=\"wp-block-columns is-layout-flex wp-container-core-columns-is-layout-9d6595d7 wp-block-columns-is-layout-flex\">\n<div class=\"wp-block-column is-layout-flow wp-block-column-is-layout-flow\" style=\"flex-basis:60%\">\n<p><\/p>\n\n\n\n<p style=\"font-size:14px\">Notre entreprise r\u00e9alise des <strong>nouvelles constructions<\/strong>, pour les <strong>particuliers<\/strong> et les <strong>professionnels<\/strong>. Sp\u00e9cialistes du <strong>gros-\u0153uvre<\/strong>, nous pouvons aussi r\u00e9aliser les travaux de <strong>parach\u00e8vement<\/strong>. <\/p>\n\n\n\n<p style=\"font-size:14px\"><strong>Quelques exemples de nos services<\/strong>:<\/p>\n\n\n\n<ul class=\"wp-block-list\" style=\"font-size:14px\"><li>Construction de maisons individuelles<\/li><li>Construction d\u2019immeubles \u00e0 appartements multiples<\/li><li>Travaux de gros \u0153uvre, second \u0153uvre et\/ou parach\u00e8vement<\/li><li>Cr\u00e9ation de caves d\u2019immeubles<\/li><li>R\u00e9seau d&rsquo;\u00e9gouttage<\/li><li>Pose de micro-station d&rsquo;\u00e9puration individuelle<\/li><li>Pose de rev\u00eatement de fa\u00e7ade, notamment cr\u00e9pis silicone avec ou sans isolant<\/li><li>Etc.<\/li><\/ul>\n\n\n\n<p style=\"font-size:14px\"><\/p>\n\n\n\n<p style=\"font-size:14px\">Voici quelques <strong>photos de nos r\u00e9alisations<\/strong>. N\u2019h\u00e9sitez pas \u00e0 nous contacter par e-mail ou t\u00e9l\u00e9phone pour une demande de <strong>devis gratuit <\/strong>pour <strong>votre projet de nouvelle construction<\/strong>.<\/p>\n<\/div>\n\n\n\n<div class=\"wp-block-column is-vertically-aligned-top is-layout-flow wp-block-column-is-layout-flow\" style=\"flex-basis:40%\">\nngg_shortcode_0_placeholder\n<\/div>\n<\/div>\n","protected":false},"excerpt":{"rendered":"<p>Notre entreprise r\u00e9alise des nouvelles constructions, pour les particuliers et les professionnels. Sp\u00e9cialistes du gros-\u0153uvre, nous pouvons aussi r\u00e9aliser les travaux de parach\u00e8vement. Quelques exemples de nos services: Construction de maisons individuelles Construction d\u2019immeubles \u00e0 appartements multiples Travaux de gros \u0153uvre, second \u0153uvre et\/ou parach\u00e8vement Cr\u00e9ation de caves d\u2019immeubles R\u00e9seau d&rsquo;\u00e9gouttage Pose de micro-station d&rsquo;\u00e9puration [&hellip;]<\/p>\n","protected":false},"author":1,"featured_media":0,"parent":0,"menu_order":0,"comment_status":"closed","ping_status":"closed","template":"","meta":{"ngg_post_thumbnail":0,"footnotes":""},"class_list":["post-286","page","type-page","status-publish","hentry"],"_links":{"self":[{"href":"https:\/\/www.bectlartisandelhabitat.be\/index.php\/wp-json\/wp\/v2\/pages\/286","targetHints":{"allow":["GET"]}}],"collection":[{"href":"https:\/\/www.bectlartisandelhabitat.be\/index.php\/wp-json\/wp\/v2\/pages"}],"about":[{"href":"https:\/\/www.bectlartisandelhabitat.be\/index.php\/wp-json\/wp\/v2\/types\/page"}],"author":[{"embeddable":true,"href":"https:\/\/www.bectlartisandelhabitat.be\/index.php\/wp-json\/wp\/v2\/users\/1"}],"replies":[{"embeddable":true,"href":"https:\/\/www.bectlartisandelhabitat.be\/index.php\/wp-json\/wp\/v2\/comments?post=286"}],"version-history":[{"count":83,"href":"https:\/\/www.bectlartisandelhabitat.be\/index.php\/wp-json\/wp\/v2\/pages\/286\/revisions"}],"predecessor-version":[{"id":1068,"href":"https:\/\/www.bectlartisandelhabitat.be\/index.php\/wp-json\/wp\/v2\/pages\/286\/revisions\/1068"}],"wp:attachment":[{"href":"https:\/\/www.bectlartisandelhabitat.be\/index.php\/wp-json\/wp\/v2\/media?parent=286"}],"curies":[{"name":"wp","href":"https:\/\/api.w.org\/{rel}","templated":true}]}}